{"id":3,"date":"2021-03-29T13:28:42","date_gmt":"2021-03-29T13:28:42","guid":{"rendered":"http:\/\/192.168.32.96\/?page_id=3"},"modified":"2024-03-04T12:40:26","modified_gmt":"2024-03-04T10:40:26","slug":"privacy-policy","status":"publish","type":"page","link":"https:\/\/pyhtaanvoima.dy.fi\/?page_id=3","title":{"rendered":"Pyht\u00e4\u00e4n Voima ry:n tietosuojaseloste"},"content":{"rendered":"\n<h4 class=\"wp-block-heading\">1. Rekisterinpit\u00e4j\u00e4<\/h4>\n\n\n\n<p><em>Pyht\u00e4\u00e4n Voima ry.<\/em><\/p>\n\n\n\n<h4 class=\"wp-block-heading\">2. Yhteyshenkil\u00f6 rekisteri\u00e4 koskevissa asioissa<\/h4>\n\n\n\n<p><em>Tietosuojavaltuutettu Mikko Koskinen,<\/em><\/p>\n\n\n\n<p><em><a href=\"https:\/\/web.archive.org\/web\/20200803125547\/mailto:mikkopetterikoskinen@gmail.com\">mikkopetterikoskinen (at) gmail.com<\/a><\/em><\/p>\n\n\n\n<p><em>050 411 1825<\/em><\/p>\n\n\n\n<h4 class=\"wp-block-heading\">3. Rekisterin nimi<\/h4>\n\n\n\n<p><em>Pyht\u00e4\u00e4n Voima ry:n j\u00e4senrekisteri.<\/em><\/p>\n\n\n\n<h4 class=\"wp-block-heading\">4. Rekister\u00f6idyt<\/h4>\n\n\n\n<p><em>Pyht\u00e4\u00e4n Voima ry:n j\u00e4senrekisteri sis\u00e4lt\u00e4\u00e4 suorat j\u00e4senet, kannatusj\u00e4senet ja vapaaj\u00e4senet.<\/em><\/p>\n\n\n\n<h4 class=\"wp-block-heading\">5. Rekisterin pit\u00e4misen ja henkil\u00f6tietojen k\u00e4sittelyn perusteet ja k\u00e4ytt\u00f6tarkoitus<\/h4>\n\n\n\n<p><em>EU:n yleisen tietosuoja-asetuksen mukainen oikeusperusta henkil\u00f6tietojen k\u00e4sittelylle on yhdistyslaki.<\/em><\/p>\n\n\n\n<p><em>Henkil\u00f6tietojen k\u00e4sittelyn tarkoitus on seurata yhdistyksen j\u00e4senm\u00e4\u00e4r\u00e4\u00e4, j\u00e4senten ik\u00e4jakaumaa sek\u00e4 mahdollistaa j\u00e4senmaksujen perinn\u00e4n.<\/em><\/p>\n\n\n\n<h4 class=\"wp-block-heading\"><br>6. K\u00e4sitelt\u00e4v\u00e4t henkil\u00f6tiedot<\/h4>\n\n\n\n<p><em>Rekisteriin tallennettavia tietoja ovat: henkil\u00f6n nimi, osoite sek\u00e4 syntym\u00e4aika (PPKKVVVV). Tiedot poistetaan j\u00e4senyyden p\u00e4\u00e4ttyess\u00e4.<\/em><\/p>\n\n\n\n<h4 class=\"wp-block-heading\">7. S\u00e4\u00e4nn\u00f6nmukaiset tietol\u00e4hteet<\/h4>\n\n\n\n<p><em>Rekisteriin tallennettavat tiedot saadaan henkil\u00f6lt\u00e4 itselt\u00e4\u00e4n j\u00e4seneksi liitytt\u00e4ess\u00e4.<\/em><\/p>\n\n\n\n<h4 class=\"wp-block-heading\">8. Tietojen luovutus ja siirt\u00e4minen<\/h4>\n\n\n\n<p><em>Tietoja ei luovuteta ulkopuolisille.<\/em><\/p>\n\n\n\n<h4 class=\"wp-block-heading\">9. &nbsp;Tietojen suojaus<\/h4>\n\n\n\n<p><em>Rekisteri\u00e4 s\u00e4ilytet\u00e4\u00e4n salasanalla suojatussa pilvipalvelussa. Rekisterin varmuuskopioita s\u00e4ilytet\u00e4\u00e4n paikallisesti salasanalla suojatussa tietokoneessa sek\u00e4 lukitussa kaapissa paperikopiona.<\/em><\/p>\n\n\n\n<p><em>K\u00e4sittelyoikeus tietoihin on Pyht\u00e4\u00e4n Voima ry:n puheenjohtajalla, sihteerill\u00e4 sek\u00e4 tietosuojavastaavalla.<\/em><\/p>\n\n\n\n<h4 class=\"wp-block-heading\">10. Tietojen k\u00e4sittelij\u00e4t<\/h4>\n\n\n\n<p><em>Rekisterinpit\u00e4j\u00e4n lis\u00e4ksi tietoja voidaan k\u00e4sitell\u00e4 johtoryhm\u00e4n kesken (esim. j\u00e4senluettelon p\u00e4ivitt\u00e4minen). Voimme ulkoistaa henkil\u00f6tietojen k\u00e4sittelyn osittain kolmannelle osapuolelle, jolloin takaamme sopimusj\u00e4rjestelyin, ett\u00e4 henkil\u00f6tietoja k\u00e4sitell\u00e4\u00e4n voimassa olevan tietosuojalains\u00e4\u00e4d\u00e4nn\u00f6n mukaisesti ja muutoin asianmukaisesti.<\/em><\/p>\n\n\n\n<h4 class=\"wp-block-heading\">11. Rekister\u00f6ityjen oikeudet<\/h4>\n\n\n\n<p><em>Jokaisella rekisteriss\u00e4 olevalla henkil\u00f6ll\u00e4 on oikeus tarkistaa rekisteriin tallennetut tietonsa ja vaatia mahdollisen virheellisen tiedon korjaamista tai puutteellisen tiedon t\u00e4ydent\u00e4mist\u00e4. Mik\u00e4li henkil\u00f6 haluaa tarkistaa h\u00e4nest\u00e4 tallennetut tiedot tai vaatia niihin oikaisua, pyynt\u00f6 tulee l\u00e4hett\u00e4\u00e4 kirjallisesti rekisterinpit\u00e4j\u00e4lle. Rekisterinpit\u00e4j\u00e4 voi pyyt\u00e4\u00e4 tarvittaessa pyynn\u00f6n esitt\u00e4j\u00e4\u00e4 todistamaan henkil\u00f6llisyytens\u00e4. Rekisterinpit\u00e4j\u00e4 vastaa asiakkaalle EU:n tietosuoja-asetuksessa s\u00e4\u00e4detyss\u00e4 ajassa (p\u00e4\u00e4s\u00e4\u00e4nt\u00f6isesti kuukauden kuluessa).<\/em><\/p>\n\n\n\n<p><em>Rekisterinpit\u00e4j\u00e4 voi kielt\u00e4yty\u00e4 toteuttamasta vastustamista tai poistoa koskevaa pyynt\u00f6\u00e4 ainoastaan laissa s\u00e4\u00e4detyin perustein. Mik\u00e4li rekisterinpit\u00e4j\u00e4 ei suostu rekister\u00f6idyn vaatimuksiin, on rekister\u00f6idyll\u00e4 oikeus tehd\u00e4 valitus tietosuojavaltuutetulle. Rekister\u00f6idyll\u00e4 on my\u00f6s oikeus vaatia, ett\u00e4 kiistanalaisten tietojen k\u00e4sittely\u00e4 rajoitetaan siksi aikaa, kunnes asia saadaan ratkaistuksi.<\/em><\/p>\n\n\n\n<h4 class=\"wp-block-heading\">12. Yhteydenotot<\/h4>\n\n\n\n<p><em>Kaikki t\u00e4t\u00e4 selostetta koskevat yhteydenotot ja pyynn\u00f6t tulee esitt\u00e4\u00e4 kirjallisesti tai henkil\u00f6kohtaisesti kohdassa kaksi (2) nimetylle yhteyshenkil\u00f6lle.<\/em><\/p>\n\n\n\n<h4 class=\"wp-block-heading\">13. Muutokset tietosuojaselosteessa<\/h4>\n\n\n\n<p><em>Mik\u00e4li muutamme t\u00e4t\u00e4 selostetta, laitamme muutokset n\u00e4kyville selosteeseen p\u00e4iv\u00e4ttyin\u00e4. Mik\u00e4li muutokset ovat merkitt\u00e4vi\u00e4, voimme informoida n\u00e4ist\u00e4 my\u00f6s muulla tavoin, kuten s\u00e4hk\u00f6postitse tai laittamalla sivuillemme asiasta ilmoituksen..<\/em><\/p>\n","protected":false},"excerpt":{"rendered":"<p>1. Rekisterinpit\u00e4j\u00e4 Pyht\u00e4\u00e4n Voima ry. 2. Yhteyshenkil\u00f6 rekisteri\u00e4 koskevissa asioissa Tietosuojavaltuutettu Mikko Koskinen, mikkopetterikoskinen (at) gmail.com 050 411 1825 3. Rekisterin nimi Pyht\u00e4\u00e4n Voima ry:n j\u00e4senrekisteri. 4. Rekister\u00f6idyt Pyht\u00e4\u00e4n Voima ry:n j\u00e4senrekisteri sis\u00e4lt\u00e4\u00e4 suorat j\u00e4senet, kannatusj\u00e4senet ja vapaaj\u00e4senet. 5. Rekisterin pit\u00e4misen ja henkil\u00f6tietojen k\u00e4sittelyn perusteet ja k\u00e4ytt\u00f6tarkoitus EU:n yleisen tietosuoja-asetuksen mukainen oikeusperusta henkil\u00f6tietojen k\u00e4sittelylle on &hellip; <\/p>\n<p class=\"link-more\"><a href=\"https:\/\/pyhtaanvoima.dy.fi\/?page_id=3\" class=\"more-link\">Jatka lukemista<span class=\"screen-reader-text\"> &#8221;Pyht\u00e4\u00e4n Voima ry:n tietosuojaseloste&#8221;<\/span><\/a><\/p>\n","protected":false},"author":1,"featured_media":0,"parent":0,"menu_order":0,"comment_status":"closed","ping_status":"open","template":"","meta":{"footnotes":""},"class_list":["post-3","page","type-page","status-publish","hentry"],"_links":{"self":[{"href":"https:\/\/pyhtaanvoima.dy.fi\/index.php?rest_route=\/wp\/v2\/pages\/3","targetHints":{"allow":["GET"]}}],"collection":[{"href":"https:\/\/pyhtaanvoima.dy.fi\/index.php?rest_route=\/wp\/v2\/pages"}],"about":[{"href":"https:\/\/pyhtaanvoima.dy.fi\/index.php?rest_route=\/wp\/v2\/types\/page"}],"author":[{"embeddable":true,"href":"https:\/\/pyhtaanvoima.dy.fi\/index.php?rest_route=\/wp\/v2\/users\/1"}],"replies":[{"embeddable":true,"href":"https:\/\/pyhtaanvoima.dy.fi\/index.php?rest_route=%2Fwp%2Fv2%2Fcomments&post=3"}],"version-history":[{"count":2,"href":"https:\/\/pyhtaanvoima.dy.fi\/index.php?rest_route=\/wp\/v2\/pages\/3\/revisions"}],"predecessor-version":[{"id":281,"href":"https:\/\/pyhtaanvoima.dy.fi\/index.php?rest_route=\/wp\/v2\/pages\/3\/revisions\/281"}],"wp:attachment":[{"href":"https:\/\/pyhtaanvoima.dy.fi\/index.php?rest_route=%2Fwp%2Fv2%2Fmedia&parent=3"}],"curies":[{"name":"wp","href":"https:\/\/api.w.org\/{rel}","templated":true}]}}