{"id":8,"date":"2021-03-30T08:50:40","date_gmt":"2021-03-30T06:50:40","guid":{"rendered":"http:\/\/192.168.32.96\/?page_id=8"},"modified":"2021-04-06T19:35:45","modified_gmt":"2021-04-06T17:35:45","slug":"etusivu","status":"publish","type":"page","link":"https:\/\/pyhtaanvoima.dy.fi\/","title":{"rendered":"Etusivu"},"content":{"rendered":"\n<p>Tervetuloa Pyht\u00e4\u00e4n Voiman kotisivuille!<\/p>\n\n\n\n<p>Pyht\u00e4\u00e4n Voima on tarjonnut urheilullista toimintaa kaikenik\u00e4isille jo vuodesta 1932. Seuran alkuaikoina se oli voimissaan ja toiminta oli vilkasta, mutta nyky\u00e4\u00e4n se on supistunut pieneksi, pitk\u00e4lti perhevoimin py\u00f6riv\u00e4ksi seuraksi. Toiminta on kuitenkin aktiivista ja seuran mukana p\u00e4\u00e4see kokeilemaan esimerkiksi suunnistusta ja hiihtoa.<\/p>\n\n\n\n<p>Tervetuloa mukaan!<\/p>\n","protected":false},"excerpt":{"rendered":"<p>Tervetuloa Pyht\u00e4\u00e4n Voiman kotisivuille! Pyht\u00e4\u00e4n Voima on tarjonnut urheilullista toimintaa kaikenik\u00e4isille jo vuodesta 1932. Seuran alkuaikoina se oli voimissaan ja toiminta oli vilkasta, mutta nyky\u00e4\u00e4n se on supistunut pieneksi, pitk\u00e4lti perhevoimin py\u00f6riv\u00e4ksi seuraksi. Toiminta on kuitenkin aktiivista ja seuran mukana p\u00e4\u00e4see kokeilemaan esimerkiksi suunnistusta ja hiihtoa. Tervetuloa mukaan!<\/p>\n","protected":false},"author":1,"featured_media":0,"parent":0,"menu_order":0,"comment_status":"closed","ping_status":"closed","template":"","meta":{"footnotes":""},"class_list":["post-8","page","type-page","status-publish","hentry"],"_links":{"self":[{"href":"https:\/\/pyhtaanvoima.dy.fi\/index.php?rest_route=\/wp\/v2\/pages\/8","targetHints":{"allow":["GET"]}}],"collection":[{"href":"https:\/\/pyhtaanvoima.dy.fi\/index.php?rest_route=\/wp\/v2\/pages"}],"about":[{"href":"https:\/\/pyhtaanvoima.dy.fi\/index.php?rest_route=\/wp\/v2\/types\/page"}],"author":[{"embeddable":true,"href":"https:\/\/pyhtaanvoima.dy.fi\/index.php?rest_route=\/wp\/v2\/users\/1"}],"replies":[{"embeddable":true,"href":"https:\/\/pyhtaanvoima.dy.fi\/index.php?rest_route=%2Fwp%2Fv2%2Fcomments&post=8"}],"version-history":[{"count":3,"href":"https:\/\/pyhtaanvoima.dy.fi\/index.php?rest_route=\/wp\/v2\/pages\/8\/revisions"}],"predecessor-version":[{"id":40,"href":"https:\/\/pyhtaanvoima.dy.fi\/index.php?rest_route=\/wp\/v2\/pages\/8\/revisions\/40"}],"wp:attachment":[{"href":"https:\/\/pyhtaanvoima.dy.fi\/index.php?rest_route=%2Fwp%2Fv2%2Fmedia&parent=8"}],"curies":[{"name":"wp","href":"https:\/\/api.w.org\/{rel}","templated":true}]}}