{"id":9,"date":"2021-03-30T08:50:41","date_gmt":"2021-03-30T06:50:41","guid":{"rendered":"http:\/\/192.168.32.96\/?page_id=9"},"modified":"2025-11-06T11:06:56","modified_gmt":"2025-11-06T09:06:56","slug":"tietoja","status":"publish","type":"page","link":"https:\/\/pyhtaanvoima.dy.fi\/?page_id=9","title":{"rendered":"Tietoja"},"content":{"rendered":"\n<p>Pyht\u00e4\u00e4n Voima ry on pieni, vuodesta 1932 saakka, toiminut urheiluseura. J\u00e4rjest\u00e4mme pienimuotoista urheilutoimintaa lapsille ja nuorille. Lajeinamme on mm. hiihto ja suunnistus.<\/p>\n\n\n\n<p>J\u00e4senmaksu on 5e\/vuosi, sis\u00e4lt\u00e4\u00e4 alle 15-vuotiailla vakuutuksen. Voit my\u00f6s halutessasi suorittaa vapaaehtoisen j\u00e4senmaksun Voiman tilille kertamaksuna tai vuosittain, FI64 5172 3340 0039 66 (Maksun tietoihin nimi ja viestiin vapaaehtoinen j\u00e4senmaksu ja vuosi).<\/p>\n\n\n\n<figure class=\"wp-block-image size-large\"><img loading=\"lazy\" decoding=\"async\" width=\"768\" height=\"576\" src=\"http:\/\/192.168.32.96\/wp-content\/uploads\/2021\/04\/IMG_20200825_172253-768x576-1.jpg\" alt=\"\" class=\"wp-image-30\" srcset=\"https:\/\/pyhtaanvoima.dy.fi\/wp-content\/uploads\/2021\/04\/IMG_20200825_172253-768x576-1.jpg 768w, https:\/\/pyhtaanvoima.dy.fi\/wp-content\/uploads\/2021\/04\/IMG_20200825_172253-768x576-1-300x225.jpg 300w\" sizes=\"auto, (max-width: 706px) 89vw, (max-width: 767px) 82vw, 740px\" \/><\/figure>\n","protected":false},"excerpt":{"rendered":"<p>Pyht\u00e4\u00e4n Voima ry on pieni, vuodesta 1932 saakka, toiminut urheiluseura. J\u00e4rjest\u00e4mme pienimuotoista urheilutoimintaa lapsille ja nuorille. Lajeinamme on mm. hiihto ja suunnistus. J\u00e4senmaksu on 5e\/vuosi, sis\u00e4lt\u00e4\u00e4 alle 15-vuotiailla vakuutuksen. Voit my\u00f6s halutessasi suorittaa vapaaehtoisen j\u00e4senmaksun Voiman tilille kertamaksuna tai vuosittain, FI64 5172 3340 0039 66 (Maksun tietoihin nimi ja viestiin vapaaehtoinen j\u00e4senmaksu ja vuosi).<\/p>\n","protected":false},"author":1,"featured_media":0,"parent":0,"menu_order":0,"comment_status":"closed","ping_status":"closed","template":"","meta":{"footnotes":""},"class_list":["post-9","page","type-page","status-publish","hentry"],"_links":{"self":[{"href":"https:\/\/pyhtaanvoima.dy.fi\/index.php?rest_route=\/wp\/v2\/pages\/9","targetHints":{"allow":["GET"]}}],"collection":[{"href":"https:\/\/pyhtaanvoima.dy.fi\/index.php?rest_route=\/wp\/v2\/pages"}],"about":[{"href":"https:\/\/pyhtaanvoima.dy.fi\/index.php?rest_route=\/wp\/v2\/types\/page"}],"author":[{"embeddable":true,"href":"https:\/\/pyhtaanvoima.dy.fi\/index.php?rest_route=\/wp\/v2\/users\/1"}],"replies":[{"embeddable":true,"href":"https:\/\/pyhtaanvoima.dy.fi\/index.php?rest_route=%2Fwp%2Fv2%2Fcomments&post=9"}],"version-history":[{"count":6,"href":"https:\/\/pyhtaanvoima.dy.fi\/index.php?rest_route=\/wp\/v2\/pages\/9\/revisions"}],"predecessor-version":[{"id":445,"href":"https:\/\/pyhtaanvoima.dy.fi\/index.php?rest_route=\/wp\/v2\/pages\/9\/revisions\/445"}],"wp:attachment":[{"href":"https:\/\/pyhtaanvoima.dy.fi\/index.php?rest_route=%2Fwp%2Fv2%2Fmedia&parent=9"}],"curies":[{"name":"wp","href":"https:\/\/api.w.org\/{rel}","templated":true}]}}